{"id":50,"date":"2023-12-22T19:59:54","date_gmt":"2023-12-22T18:59:54","guid":{"rendered":"https:\/\/sophrologie-domicile.com\/?page_id=50"},"modified":"2024-11-24T21:37:17","modified_gmt":"2024-11-24T20:37:17","slug":"programme","status":"publish","type":"page","link":"https:\/\/sophrologie-domicile.com\/index.php\/programme\/","title":{"rendered":"Programme"},"content":{"rendered":"\n<figure class=\"wp-block-image size-full\"><img loading=\"lazy\" decoding=\"async\" width=\"1024\" height=\"768\" src=\"https:\/\/sophrologie-domicile.com\/wp-content\/uploads\/2024\/07\/PROGRAMME-@SD-fond-blanc-1.png\" alt=\"\" class=\"wp-image-593\" srcset=\"https:\/\/sophrologie-domicile.com\/wp-content\/uploads\/2024\/07\/PROGRAMME-@SD-fond-blanc-1.png 1024w, https:\/\/sophrologie-domicile.com\/wp-content\/uploads\/2024\/07\/PROGRAMME-@SD-fond-blanc-1-300x225.png 300w, https:\/\/sophrologie-domicile.com\/wp-content\/uploads\/2024\/07\/PROGRAMME-@SD-fond-blanc-1-768x576.png 768w\" sizes=\"auto, (max-width: 1024px) 100vw, 1024px\" \/><\/figure>\n\n\n<div class=\"wp-block-image\">\n<figure class=\"aligncenter size-full\"><img loading=\"lazy\" decoding=\"async\" width=\"1024\" height=\"768\" src=\"https:\/\/sophrologie-domicile.com\/wp-content\/uploads\/2024\/07\/PROGRAMME-@SD-fond-blanc-2.png\" alt=\"\" class=\"wp-image-594\" srcset=\"https:\/\/sophrologie-domicile.com\/wp-content\/uploads\/2024\/07\/PROGRAMME-@SD-fond-blanc-2.png 1024w, https:\/\/sophrologie-domicile.com\/wp-content\/uploads\/2024\/07\/PROGRAMME-@SD-fond-blanc-2-300x225.png 300w, https:\/\/sophrologie-domicile.com\/wp-content\/uploads\/2024\/07\/PROGRAMME-@SD-fond-blanc-2-768x576.png 768w\" sizes=\"auto, (max-width: 1024px) 100vw, 1024px\" \/><\/figure>\n<\/div>\n\n\n<figure class=\"wp-block-image size-full\"><img loading=\"lazy\" decoding=\"async\" width=\"1024\" height=\"768\" src=\"https:\/\/sophrologie-domicile.com\/wp-content\/uploads\/2024\/07\/PROGRAMME-@SD-fond-blanc-3.png\" alt=\"\" class=\"wp-image-596\" srcset=\"https:\/\/sophrologie-domicile.com\/wp-content\/uploads\/2024\/07\/PROGRAMME-@SD-fond-blanc-3.png 1024w, https:\/\/sophrologie-domicile.com\/wp-content\/uploads\/2024\/07\/PROGRAMME-@SD-fond-blanc-3-300x225.png 300w, https:\/\/sophrologie-domicile.com\/wp-content\/uploads\/2024\/07\/PROGRAMME-@SD-fond-blanc-3-768x576.png 768w\" sizes=\"auto, (max-width: 1024px) 100vw, 1024px\" \/><\/figure>\n\n\n\n<div style=\"height:5px\" aria-hidden=\"true\" class=\"wp-block-spacer\"><\/div>\n\n\n\n<figure class=\"wp-block-image size-full is-resized\"><img loading=\"lazy\" decoding=\"async\" width=\"1024\" height=\"768\" src=\"https:\/\/sophrologie-domicile.com\/wp-content\/uploads\/2024\/07\/PROGRAMME-@SD-fond-blanc-4.png\" alt=\"\" class=\"wp-image-597\" style=\"width:607px;height:auto\" srcset=\"https:\/\/sophrologie-domicile.com\/wp-content\/uploads\/2024\/07\/PROGRAMME-@SD-fond-blanc-4.png 1024w, https:\/\/sophrologie-domicile.com\/wp-content\/uploads\/2024\/07\/PROGRAMME-@SD-fond-blanc-4-300x225.png 300w, https:\/\/sophrologie-domicile.com\/wp-content\/uploads\/2024\/07\/PROGRAMME-@SD-fond-blanc-4-768x576.png 768w\" sizes=\"auto, (max-width: 1024px) 100vw, 1024px\" \/><\/figure>\n\n\n\n<figure class=\"wp-block-image size-full\"><img loading=\"lazy\" decoding=\"async\" width=\"1080\" height=\"1080\" src=\"https:\/\/sophrologie-domicile.com\/wp-content\/uploads\/2024\/07\/Untitled-design.png\" alt=\"\" class=\"wp-image-598\" srcset=\"https:\/\/sophrologie-domicile.com\/wp-content\/uploads\/2024\/07\/Untitled-design.png 1080w, https:\/\/sophrologie-domicile.com\/wp-content\/uploads\/2024\/07\/Untitled-design-300x300.png 300w, https:\/\/sophrologie-domicile.com\/wp-content\/uploads\/2024\/07\/Untitled-design-1024x1024.png 1024w, https:\/\/sophrologie-domicile.com\/wp-content\/uploads\/2024\/07\/Untitled-design-150x150.png 150w, https:\/\/sophrologie-domicile.com\/wp-content\/uploads\/2024\/07\/Untitled-design-768x768.png 768w\" sizes=\"auto, (max-width: 1080px) 100vw, 1080px\" \/><\/figure>\n\n\n\n<div style=\"height:33px\" aria-hidden=\"true\" class=\"wp-block-spacer\"><\/div>\n\n\n\n<p class=\"has-text-align-center has-text-color has-link-color wp-elements-c1a06c49db1359af99e6f1c72c1dfe76\" style=\"color:#8c52ff;font-size:14px\"><em>La pratique de la m\u00e9decine holistique ne se soustrait pas \u00e0 l\u2019intervention de la m\u00e9decine allopathique. En cas de d\u00e9sagr\u00e9ments n\u00e9cessitant la consultation d\u2019un m\u00e9decin, nous vous invitons \u00e0 vous rapprocher d\u2019un professionnel de sant\u00e9.\u00a0<\/em><\/p>\n","protected":false},"excerpt":{"rendered":"<p>La pratique de la m\u00e9decine holistique ne se soustrait pas \u00e0 l\u2019intervention de la m\u00e9decine allopathique. En cas de d\u00e9sagr\u00e9ments n\u00e9cessitant la consultation d\u2019un m\u00e9decin, nous vous invitons \u00e0 vous rapprocher d\u2019un professionnel de sant\u00e9.\u00a0<\/p>\n","protected":false},"author":1,"featured_media":0,"parent":0,"menu_order":0,"comment_status":"closed","ping_status":"closed","template":"","meta":{"om_disable_all_campaigns":false,"_monsterinsights_skip_tracking":false,"_monsterinsights_sitenote_active":false,"_monsterinsights_sitenote_note":"","_monsterinsights_sitenote_category":0,"footnotes":"[]"},"class_list":["post-50","page","type-page","status-publish","hentry","entry"],"aioseo_notices":[],"_links":{"self":[{"href":"https:\/\/sophrologie-domicile.com\/index.php\/wp-json\/wp\/v2\/pages\/50","targetHints":{"allow":["GET"]}}],"collection":[{"href":"https:\/\/sophrologie-domicile.com\/index.php\/wp-json\/wp\/v2\/pages"}],"about":[{"href":"https:\/\/sophrologie-domicile.com\/index.php\/wp-json\/wp\/v2\/types\/page"}],"author":[{"embeddable":true,"href":"https:\/\/sophrologie-domicile.com\/index.php\/wp-json\/wp\/v2\/users\/1"}],"replies":[{"embeddable":true,"href":"https:\/\/sophrologie-domicile.com\/index.php\/wp-json\/wp\/v2\/comments?post=50"}],"version-history":[{"count":33,"href":"https:\/\/sophrologie-domicile.com\/index.php\/wp-json\/wp\/v2\/pages\/50\/revisions"}],"predecessor-version":[{"id":1215,"href":"https:\/\/sophrologie-domicile.com\/index.php\/wp-json\/wp\/v2\/pages\/50\/revisions\/1215"}],"wp:attachment":[{"href":"https:\/\/sophrologie-domicile.com\/index.php\/wp-json\/wp\/v2\/media?parent=50"}],"curies":[{"name":"wp","href":"https:\/\/api.w.org\/{rel}","templated":true}]}}