{"id":1524,"date":"2024-12-14T19:20:10","date_gmt":"2024-12-14T18:20:10","guid":{"rendered":"https:\/\/sophrologie-domicile.com\/?page_id=1524"},"modified":"2024-12-15T18:08:33","modified_gmt":"2024-12-15T17:08:33","slug":"annuaire","status":"publish","type":"page","link":"https:\/\/sophrologie-domicile.com\/index.php\/annuaire\/","title":{"rendered":"Annuaire"},"content":{"rendered":"\n<p>Vous souhaitez r\u00e9server une s\u00e9ance de sophrologie \u00e0 domicile ? Faites appel \u00e0 nos professionnels certifi\u00e9s pour vous accompagner en confiance dans votre d\u00e9marche. <br><br>Actuellement en activit\u00e9 sur le r\u00e9seau m\u00e9tropolitain :<\/p>\n\n\n\n<p><em>(cliquez sur la vignette de votre choix)<\/em><\/p>\n\n\n\n<figure class=\"wp-block-image size-large\"><a href=\"https:\/\/sud-vendee.sophrologie-domicile.com\/\"><img loading=\"lazy\" decoding=\"async\" width=\"1024\" height=\"448\" src=\"https:\/\/sophrologie-domicile.com\/wp-content\/uploads\/2024\/12\/85@accueil-sud-vendee-1024x448.png\" alt=\"\" class=\"wp-image-1531\" srcset=\"https:\/\/sophrologie-domicile.com\/wp-content\/uploads\/2024\/12\/85@accueil-sud-vendee-1024x448.png 1024w, https:\/\/sophrologie-domicile.com\/wp-content\/uploads\/2024\/12\/85@accueil-sud-vendee-300x131.png 300w, https:\/\/sophrologie-domicile.com\/wp-content\/uploads\/2024\/12\/85@accueil-sud-vendee-768x336.png 768w, https:\/\/sophrologie-domicile.com\/wp-content\/uploads\/2024\/12\/85@accueil-sud-vendee-1536x672.png 1536w, https:\/\/sophrologie-domicile.com\/wp-content\/uploads\/2024\/12\/85@accueil-sud-vendee-1568x686.png 1568w, https:\/\/sophrologie-domicile.com\/wp-content\/uploads\/2024\/12\/85@accueil-sud-vendee.png 1600w\" sizes=\"auto, (max-width: 1024px) 100vw, 1024px\" \/><\/a><\/figure>\n\n\n\n<figure class=\"wp-block-image size-large\"><a href=\"https:\/\/manche.sophrologie-domicile.com\/\"><img loading=\"lazy\" decoding=\"async\" width=\"1024\" height=\"448\" src=\"https:\/\/sophrologie-domicile.com\/wp-content\/uploads\/2024\/12\/50@accueil-manche-1024x448.png\" alt=\"\" class=\"wp-image-1529\" srcset=\"https:\/\/sophrologie-domicile.com\/wp-content\/uploads\/2024\/12\/50@accueil-manche-1024x448.png 1024w, https:\/\/sophrologie-domicile.com\/wp-content\/uploads\/2024\/12\/50@accueil-manche-300x131.png 300w, https:\/\/sophrologie-domicile.com\/wp-content\/uploads\/2024\/12\/50@accueil-manche-768x336.png 768w, https:\/\/sophrologie-domicile.com\/wp-content\/uploads\/2024\/12\/50@accueil-manche-1536x672.png 1536w, https:\/\/sophrologie-domicile.com\/wp-content\/uploads\/2024\/12\/50@accueil-manche-1568x686.png 1568w, https:\/\/sophrologie-domicile.com\/wp-content\/uploads\/2024\/12\/50@accueil-manche.png 1600w\" sizes=\"auto, (max-width: 1024px) 100vw, 1024px\" \/><\/a><\/figure>\n\n\n\n<figure class=\"wp-block-image size-large\"><a href=\"https:\/\/luberon.sophrologie-domicile.com\/\"><img loading=\"lazy\" decoding=\"async\" width=\"1024\" height=\"448\" src=\"https:\/\/sophrologie-domicile.com\/wp-content\/uploads\/2024\/12\/84@accueil-luberon.zip-7-1024x448.png\" alt=\"\" class=\"wp-image-1533\" srcset=\"https:\/\/sophrologie-domicile.com\/wp-content\/uploads\/2024\/12\/84@accueil-luberon.zip-7-1024x448.png 1024w, https:\/\/sophrologie-domicile.com\/wp-content\/uploads\/2024\/12\/84@accueil-luberon.zip-7-300x131.png 300w, https:\/\/sophrologie-domicile.com\/wp-content\/uploads\/2024\/12\/84@accueil-luberon.zip-7-768x336.png 768w, https:\/\/sophrologie-domicile.com\/wp-content\/uploads\/2024\/12\/84@accueil-luberon.zip-7-1536x672.png 1536w, https:\/\/sophrologie-domicile.com\/wp-content\/uploads\/2024\/12\/84@accueil-luberon.zip-7-1568x686.png 1568w, https:\/\/sophrologie-domicile.com\/wp-content\/uploads\/2024\/12\/84@accueil-luberon.zip-7.png 1600w\" sizes=\"auto, (max-width: 1024px) 100vw, 1024px\" \/><\/a><\/figure>\n","protected":false},"excerpt":{"rendered":"<p>Vous souhaitez r\u00e9server une s\u00e9ance de sophrologie \u00e0 domicile ? Faites appel \u00e0 nos professionnels certifi\u00e9s pour vous accompagner en confiance dans votre d\u00e9marche. Actuellement en activit\u00e9 sur le r\u00e9seau m\u00e9tropolitain : (cliquez sur la vignette de votre choix)<\/p>\n","protected":false},"author":1,"featured_media":0,"parent":0,"menu_order":0,"comment_status":"closed","ping_status":"closed","template":"","meta":{"om_disable_all_campaigns":false,"_monsterinsights_skip_tracking":false,"_monsterinsights_sitenote_active":false,"_monsterinsights_sitenote_note":"","_monsterinsights_sitenote_category":0,"footnotes":""},"class_list":["post-1524","page","type-page","status-publish","hentry","entry"],"aioseo_notices":[],"_links":{"self":[{"href":"https:\/\/sophrologie-domicile.com\/index.php\/wp-json\/wp\/v2\/pages\/1524","targetHints":{"allow":["GET"]}}],"collection":[{"href":"https:\/\/sophrologie-domicile.com\/index.php\/wp-json\/wp\/v2\/pages"}],"about":[{"href":"https:\/\/sophrologie-domicile.com\/index.php\/wp-json\/wp\/v2\/types\/page"}],"author":[{"embeddable":true,"href":"https:\/\/sophrologie-domicile.com\/index.php\/wp-json\/wp\/v2\/users\/1"}],"replies":[{"embeddable":true,"href":"https:\/\/sophrologie-domicile.com\/index.php\/wp-json\/wp\/v2\/comments?post=1524"}],"version-history":[{"count":7,"href":"https:\/\/sophrologie-domicile.com\/index.php\/wp-json\/wp\/v2\/pages\/1524\/revisions"}],"predecessor-version":[{"id":1538,"href":"https:\/\/sophrologie-domicile.com\/index.php\/wp-json\/wp\/v2\/pages\/1524\/revisions\/1538"}],"wp:attachment":[{"href":"https:\/\/sophrologie-domicile.com\/index.php\/wp-json\/wp\/v2\/media?parent=1524"}],"curies":[{"name":"wp","href":"https:\/\/api.w.org\/{rel}","templated":true}]}}